{"id":8,"date":"2021-04-04T17:08:14","date_gmt":"2021-04-04T17:08:14","guid":{"rendered":"http:\/\/kaufmangroup.ca\/en\/?page_id=8"},"modified":"2026-01-10T12:55:58","modified_gmt":"2026-01-10T17:55:58","slug":"homepage","status":"publish","type":"page","link":"https:\/\/kaufmangroup.ca\/fr\/","title":{"rendered":"Homepage"},"content":{"rendered":"<p>Aspirant \u00e0 \u00e9lever la barre encore plus haut, Liza Kaufman s\u2019est associ\u00e9e \u00e0 Alfee Kaufman et \u00e0 Lindsay Hart et a cr\u00e9\u00e9 une \u00e9quipe unique en ville. Ce partenariat dynamique modernise maintenant l\u2019exp\u00e9rience d\u2019achat et de vente de biens immobiliers en cultivant un esprit de collaboration, d\u2019innovation et d\u2019int\u00e9grit\u00e9. L\u2019\u00e9quipe favorise une culture de partenariat dans laquelle tous leurs clients sont repr\u00e9sent\u00e9s dans un environnement coop\u00e9ratif par chacune des associ\u00e9es, assurant ainsi que leurs acheteurs et vendeurs aient un avantage concurrentiel sur le march\u00e9.<\/p>","protected":false},"excerpt":{"rendered":"<p>Aspirant \u00e0 \u00e9lever la barre encore plus haut, Liza Kaufman s\u2019est associ\u00e9e \u00e0 Alfee Kaufman et \u00e0 Lindsay Hart et a cr\u00e9\u00e9 une \u00e9quipe unique en ville. Ce partenariat dynamique modernise maintenant l\u2019exp\u00e9rience d\u2019achat et de vente de biens immobiliers en cultivant un esprit de collaboration, d\u2019innovation et d\u2019int\u00e9grit\u00e9. L\u2019\u00e9quipe favorise une culture de partenariat [&hellip;]<\/p>\n","protected":false},"author":1,"featured_media":0,"parent":0,"menu_order":0,"comment_status":"closed","ping_status":"closed","template":"homepage_video.php","meta":{"_acf_changed":false,"footnotes":""},"class_list":["post-8","page","type-page","status-publish","hentry"],"acf":[],"aioseo_notices":[],"_links":{"self":[{"href":"https:\/\/kaufmangroup.ca\/fr\/wp-json\/wp\/v2\/pages\/8","targetHints":{"allow":["GET"]}}],"collection":[{"href":"https:\/\/kaufmangroup.ca\/fr\/wp-json\/wp\/v2\/pages"}],"about":[{"href":"https:\/\/kaufmangroup.ca\/fr\/wp-json\/wp\/v2\/types\/page"}],"author":[{"embeddable":true,"href":"https:\/\/kaufmangroup.ca\/fr\/wp-json\/wp\/v2\/users\/1"}],"replies":[{"embeddable":true,"href":"https:\/\/kaufmangroup.ca\/fr\/wp-json\/wp\/v2\/comments?post=8"}],"version-history":[{"count":24,"href":"https:\/\/kaufmangroup.ca\/fr\/wp-json\/wp\/v2\/pages\/8\/revisions"}],"predecessor-version":[{"id":3106,"href":"https:\/\/kaufmangroup.ca\/fr\/wp-json\/wp\/v2\/pages\/8\/revisions\/3106"}],"wp:attachment":[{"href":"https:\/\/kaufmangroup.ca\/fr\/wp-json\/wp\/v2\/media?parent=8"}],"curies":[{"name":"wp","href":"https:\/\/api.w.org\/{rel}","templated":true}]}}