{"id":67,"date":"2021-04-11T18:32:36","date_gmt":"2021-04-11T18:32:36","guid":{"rendered":"http:\/\/kaufmangroup.ca\/en\/?page_id=67"},"modified":"2026-02-07T14:21:50","modified_gmt":"2026-02-07T19:21:50","slug":"sothebys","status":"publish","type":"page","link":"https:\/\/kaufmangroup.ca\/fr\/sothebys\/","title":{"rendered":"Sotheby&rsquo;s"},"content":{"rendered":"<p><\/p>\n<h2>Ce qui rend notre marque unique<\/h2>\n<p>En combinant une marque immobili\u00e8re prestigieuse reconnue internationalement avec une connaissance du march\u00e9 local et une expertise particuli\u00e8re en marketing, Sotheby\u2019s International Realty Canada est le leader des entreprises de vente et de marketing immobilier pour les propri\u00e9t\u00e9s les plus exceptionnelles du pays.<\/p>\n<p>Avec des bureaux dans plus de 32 march\u00e9s r\u00e9sidentiels et de vill\u00e9giature \u00e0 travers le pays, nos associ\u00e9s professionnels offrent un service immobilier du plus haut niveau, des solutions de marketing locales et internationales in\u00e9gal\u00e9es et un r\u00e9seau mondial d\u2019associ\u00e9s aux ventes de pr\u00e8s de 1100 bureaux dans 84 pays et territoires pour g\u00e9rer les portefeuilles immobiliers de clients avertis du monde entier.<\/p>\n<p>\u00c0 Sotheby\u2019s International Realty Qu\u00e9bec, nous accueillons des clients locaux et du monde entier. Nous avons des courtiers dont la sp\u00e9cialisation est d\u2019aider les clients immobiliers internationaux, qu&rsquo;ils d\u00e9m\u00e9nagent au Canada ou investissent de l&rsquo;\u00e9tranger, et qui peuvent offrir leurs services dans des dizaines de langues.<\/p>\n<p>\u00c0 Sotheby\u2019s International Realty Canada, nous nous engageons \u00e0 commercialiser votre maison aux niveaux local, national et international.<\/p>","protected":false},"excerpt":{"rendered":"<p>Ce qui rend notre marque unique En combinant une marque immobili\u00e8re prestigieuse reconnue internationalement avec une connaissance du march\u00e9 local et une expertise particuli\u00e8re en marketing, Sotheby\u2019s International Realty Canada est le leader des entreprises de vente et de marketing immobilier pour les propri\u00e9t\u00e9s les plus exceptionnelles du pays. Avec des bureaux dans plus de [&hellip;]<\/p>\n","protected":false},"author":1,"featured_media":3058,"parent":0,"menu_order":0,"comment_status":"closed","ping_status":"closed","template":"sothebys.php","meta":{"_acf_changed":false,"footnotes":""},"class_list":["post-67","page","type-page","status-publish","has-post-thumbnail","hentry"],"acf":[],"aioseo_notices":[],"_links":{"self":[{"href":"https:\/\/kaufmangroup.ca\/fr\/wp-json\/wp\/v2\/pages\/67","targetHints":{"allow":["GET"]}}],"collection":[{"href":"https:\/\/kaufmangroup.ca\/fr\/wp-json\/wp\/v2\/pages"}],"about":[{"href":"https:\/\/kaufmangroup.ca\/fr\/wp-json\/wp\/v2\/types\/page"}],"author":[{"embeddable":true,"href":"https:\/\/kaufmangroup.ca\/fr\/wp-json\/wp\/v2\/users\/1"}],"replies":[{"embeddable":true,"href":"https:\/\/kaufmangroup.ca\/fr\/wp-json\/wp\/v2\/comments?post=67"}],"version-history":[{"count":17,"href":"https:\/\/kaufmangroup.ca\/fr\/wp-json\/wp\/v2\/pages\/67\/revisions"}],"predecessor-version":[{"id":3074,"href":"https:\/\/kaufmangroup.ca\/fr\/wp-json\/wp\/v2\/pages\/67\/revisions\/3074"}],"wp:featuredmedia":[{"embeddable":true,"href":"https:\/\/kaufmangroup.ca\/fr\/wp-json\/wp\/v2\/media\/3058"}],"wp:attachment":[{"href":"https:\/\/kaufmangroup.ca\/fr\/wp-json\/wp\/v2\/media?parent=67"}],"curies":[{"name":"wp","href":"https:\/\/api.w.org\/{rel}","templated":true}]}}