{"id":3135,"date":"2026-02-28T10:36:57","date_gmt":"2026-02-28T15:36:57","guid":{"rendered":"https:\/\/kaufmangroup.ca\/en\/?page_id=3135"},"modified":"2026-03-12T23:36:04","modified_gmt":"2026-03-13T03:36:04","slug":"the-top-100-global-portfolio","status":"publish","type":"page","link":"https:\/\/kaufmangroup.ca\/fr\/le-top-100-du-portefeuille-mondial\/","title":{"rendered":"Le Top 100 du portefeuille mondial"},"content":{"rendered":"<p><\/p>\n<h2 class=\"intro\">Le Top 100 <span>du portefeuille mondial<\/span><\/h2>\n<p>Gr\u00e2ce \u00e0 Liza Kaufman et \u00e0 son affiliation directe au r\u00e9seau Top 100 Global Advisors de Sotheby\u2019s International Realty, le Groupe Kaufman offre un acc\u00e8s privil\u00e9gi\u00e9 \u00e0 une collection exclusive de propri\u00e9t\u00e9s \u00e0 travers le monde.<\/p>\n<p>Ce r\u00e9seau d\u2019\u00e9lite r\u00e9unit les professionnels de l\u2019immobilier les plus accomplis \u00e0 l\u2019\u00e9chelle mondiale. Ensemble, ils g\u00e9n\u00e8rent plus de 18 milliards de dollars en ventes annuelles et \u00e9tablissent la r\u00e9f\u00e9rence en mati\u00e8re d\u2019excellence dans l\u2019immobilier de luxe.<\/p>","protected":false},"excerpt":{"rendered":"<p>Le Top 100 du portefeuille mondial Gr\u00e2ce \u00e0 Liza Kaufman et \u00e0 son affiliation directe au r\u00e9seau Top 100 Global Advisors de Sotheby\u2019s International Realty, le Groupe Kaufman offre un acc\u00e8s privil\u00e9gi\u00e9 \u00e0 une collection exclusive de propri\u00e9t\u00e9s \u00e0 travers le monde. Ce r\u00e9seau d\u2019\u00e9lite r\u00e9unit les professionnels de l\u2019immobilier les plus accomplis \u00e0 l\u2019\u00e9chelle [&hellip;]<\/p>\n","protected":false},"author":1,"featured_media":0,"parent":0,"menu_order":0,"comment_status":"closed","ping_status":"closed","template":"top100.php","meta":{"_acf_changed":false,"footnotes":""},"class_list":["post-3135","page","type-page","status-publish","hentry"],"acf":[],"aioseo_notices":[],"_links":{"self":[{"href":"https:\/\/kaufmangroup.ca\/fr\/wp-json\/wp\/v2\/pages\/3135","targetHints":{"allow":["GET"]}}],"collection":[{"href":"https:\/\/kaufmangroup.ca\/fr\/wp-json\/wp\/v2\/pages"}],"about":[{"href":"https:\/\/kaufmangroup.ca\/fr\/wp-json\/wp\/v2\/types\/page"}],"author":[{"embeddable":true,"href":"https:\/\/kaufmangroup.ca\/fr\/wp-json\/wp\/v2\/users\/1"}],"replies":[{"embeddable":true,"href":"https:\/\/kaufmangroup.ca\/fr\/wp-json\/wp\/v2\/comments?post=3135"}],"version-history":[{"count":11,"href":"https:\/\/kaufmangroup.ca\/fr\/wp-json\/wp\/v2\/pages\/3135\/revisions"}],"predecessor-version":[{"id":3271,"href":"https:\/\/kaufmangroup.ca\/fr\/wp-json\/wp\/v2\/pages\/3135\/revisions\/3271"}],"wp:attachment":[{"href":"https:\/\/kaufmangroup.ca\/fr\/wp-json\/wp\/v2\/media?parent=3135"}],"curies":[{"name":"wp","href":"https:\/\/api.w.org\/{rel}","templated":true}]}}