{"id":12,"date":"2021-04-04T17:16:36","date_gmt":"2021-04-04T17:16:36","guid":{"rendered":"http:\/\/kaufmangroup.ca\/en\/?page_id=12"},"modified":"2026-03-05T10:42:10","modified_gmt":"2026-03-05T15:42:10","slug":"about-us","status":"publish","type":"page","link":"https:\/\/kaufmangroup.ca\/fr\/a-propos\/","title":{"rendered":"\u00c0 propos"},"content":{"rendered":"<p><\/p>\n<h2 class=\"intro\">L\u2019avantage <span>Groupe Kaufman<\/span><\/h2>\n<p>En tant qu\u2019\u00e9quipe ayant battu des records et \u00e9tabli des r\u00e9f\u00e9rences historiques dans l\u2019immobilier canadien, le Groupe Kaufman pr\u00e9sente votre propri\u00e9t\u00e9 \u00e0 des acheteurs qualifi\u00e9s, tant localement qu\u2019internationalement. En offrant \u00e0 nos clients la possibilit\u00e9 de travailler avec le partenaire de leur choix, tout en b\u00e9n\u00e9ficiant de l\u2019expertise de notre \u00e9quipe dans son ensemble, nous garantissons un niveau de service, de discr\u00e9tion et de marketing in\u00e9gal\u00e9, quelle que soit la taille, le quartier ou la valeur de votre propri\u00e9t\u00e9.<\/p>","protected":false},"excerpt":{"rendered":"<p>L\u2019avantage Groupe Kaufman En tant qu\u2019\u00e9quipe ayant battu des records et \u00e9tabli des r\u00e9f\u00e9rences historiques dans l\u2019immobilier canadien, le Groupe Kaufman pr\u00e9sente votre propri\u00e9t\u00e9 \u00e0 des acheteurs qualifi\u00e9s, tant localement qu\u2019internationalement. En offrant \u00e0 nos clients la possibilit\u00e9 de travailler avec le partenaire de leur choix, tout en b\u00e9n\u00e9ficiant de l\u2019expertise de notre \u00e9quipe dans [&hellip;]<\/p>\n","protected":false},"author":1,"featured_media":3110,"parent":0,"menu_order":0,"comment_status":"closed","ping_status":"closed","template":"aboutv4.php","meta":{"_acf_changed":false,"footnotes":""},"class_list":["post-12","page","type-page","status-publish","has-post-thumbnail","hentry"],"acf":[],"aioseo_notices":[],"_links":{"self":[{"href":"https:\/\/kaufmangroup.ca\/fr\/wp-json\/wp\/v2\/pages\/12","targetHints":{"allow":["GET"]}}],"collection":[{"href":"https:\/\/kaufmangroup.ca\/fr\/wp-json\/wp\/v2\/pages"}],"about":[{"href":"https:\/\/kaufmangroup.ca\/fr\/wp-json\/wp\/v2\/types\/page"}],"author":[{"embeddable":true,"href":"https:\/\/kaufmangroup.ca\/fr\/wp-json\/wp\/v2\/users\/1"}],"replies":[{"embeddable":true,"href":"https:\/\/kaufmangroup.ca\/fr\/wp-json\/wp\/v2\/comments?post=12"}],"version-history":[{"count":35,"href":"https:\/\/kaufmangroup.ca\/fr\/wp-json\/wp\/v2\/pages\/12\/revisions"}],"predecessor-version":[{"id":3140,"href":"https:\/\/kaufmangroup.ca\/fr\/wp-json\/wp\/v2\/pages\/12\/revisions\/3140"}],"wp:featuredmedia":[{"embeddable":true,"href":"https:\/\/kaufmangroup.ca\/fr\/wp-json\/wp\/v2\/media\/3110"}],"wp:attachment":[{"href":"https:\/\/kaufmangroup.ca\/fr\/wp-json\/wp\/v2\/media?parent=12"}],"curies":[{"name":"wp","href":"https:\/\/api.w.org\/{rel}","templated":true}]}}